{"id":47,"date":"2025-11-19T19:31:32","date_gmt":"2025-11-19T19:31:32","guid":{"rendered":"https:\/\/patirerholding.com\/?page_id=47"},"modified":"2026-01-27T12:40:19","modified_gmt":"2026-01-27T12:40:19","slug":"mesmerize","status":"publish","type":"page","link":"https:\/\/patirerholding.com\/","title":{"rendered":"HOMEPAGE"},"content":{"rendered":"<div id=\"features-2\" class=\"features-ov-4-mc content-section content-section-spacing\" style=\"background-color: #ffffff;\" data-label=\"Features\" data-id=\"features-ov-4-mc\" data-export-id=\"features-ov-4-mc\" data-category=\"features\">\n<div class=\"gridContainer\">\n<div class=\"row spaced-cols text-center\" data-type=\"row\">\n<div class=\"col-xs-12 col-sm-4 col-padding\"><i class=\"fa icon shadow-large-black aligncenter color1 fa-envelope-o reverse round large\"><\/i><\/p>\n<div class=\"\" data-type=\"column\"><\/div>\n<\/div>\n<div class=\"col-xs-12 col-sm-4 col-padding\">\n<div class=\"\" data-type=\"column\">\n<p class=\"\">\n<\/div>\n<\/div>\n<\/div>\n<\/div>\n<\/div>\n<div id=\"about-1\" class=\"about-images-right-section-mc content-section content-section-spacing\" style=\"background-color: #f5fafd;\" data-label=\"About\" data-id=\"about-images-right-section-mc\" data-export-id=\"about-images-right-section-mc\" data-bullets-visibility=\"true\" data-category=\"about\">\n<div class=\"gridContainer\">\n<div class=\"row middle-sm text-center\">\n<div class=\"col-sm-5 content-left-sm\" data-type=\"column\">\n<h5 class=\"\"><span style=\"color: #000000;\">About Us<\/span><\/h5>\n<h2 class=\"\"><span style=\"font-family: 'Playfair Display', sans-serif; font-weight: bold; font-style: italic; color: #000000;\">Our History<\/span><\/h2>\n<p class=\"\"><span style=\"color: #000000;\">As an organisation of Patirer Enterprises, we were established as PATIRER DI\u015e T\u0130CARET A.\u015e.<\/span><br \/>\n<span style=\"color: #000000;\">For nearly 30 years, we have exported various products to various parts of the world as \u2018foreign trade\u2019.<\/span><br \/>\n<span style=\"color: #000000;\">We are working to contribute to the development of Turkey\u2019s exports by making foreign trade with a wide background, experience and knowledge\u2026<\/span><\/p>\n<p><a class=\"button color1\" href=\"https:\/\/patirerholding.com?page_id=24\" target=\"_self\" data-cp-link=\"1\">READ MORE<\/a><\/p>\n<\/div>\n<div class=\"col-sm-7 space-bottom-xs\">\n<div class=\"image-group-side-3-img\"><img decoding=\"async\" class=\"topimg shadow-large\" title=\"cropped-people-surrounded-a-blue-glass-globe-2025-03-18-18-02-07-utcvv.jpg\" src=\"https:\/\/patirerholding.com\/wp-content\/uploads\/2025\/11\/cropped-people-surrounded-a-blue-glass-globe-2025-03-18-18-02-07-utcvv.jpg\" alt=\"\" \/> <img decoding=\"async\" class=\"rightimg shadow-large\" title=\"Paper chain family or community\" src=\"https:\/\/patirerholding.com\/wp-content\/uploads\/2025\/11\/cropped-paper-chain-family-or-community-2024-09-13-01-50-06-utc.jpg\" alt=\"\" \/><\/p>\n<div class=\"leftimg\"><img decoding=\"async\" class=\"shadow-large\" title=\"About Us text, Office desk with computer technology, high angle\" src=\"https:\/\/patirerholding.com\/wp-content\/uploads\/2025\/11\/cropped-words-about-us-written-on-paper-note-pad-on-office-2024-09-17-19-38-25-utcc.jpg\" alt=\"\" \/><\/div>\n<\/div>\n<\/div>\n<\/div>\n<\/div>\n<\/div>\n<div id=\"features\" class=\"features-16-card-bordered-mc content-section content-section-spacing\" style=\"background-color: #ffffff;\" data-label=\"Features\" data-id=\"features-16-card-bordered-mc\" data-export-id=\"features-16-card-bordered-mc\" data-bullets-visibility=\"true\" data-category=\"features\">\n<div class=\"gridContainer\">\n<div class=\"row text-center\">\n<div class=\"section-title-col\" data-type=\"column\">\n<h5 class=\"\"><b>Why Choose Us?<\/b><\/h5>\n<h2 class=\"\">Real-Time Tracking<\/h2>\n<p class=\"lead\">Stay Informed with our real-time tracking system, offering you visibility and peace of mind. With Patirer Foreign Trade Inc., you always know where your shipment is, backed by our commitment to transparency and reliability.<\/p>\n<\/div>\n<\/div>\n<div class=\"row spaced-cols center-sm content-left-sm\" data-type=\"row\">\n<div class=\"col-xs-12 col-sm-6 col-md-4\">\n<div class=\"card no-padding bordered y-move\"><img decoding=\"async\" class=\"face\" title=\"cropped-Yeni_Site_Anasayfa_Gorsel_01.png\" src=\"https:\/\/patirerholding.com\/wp-content\/uploads\/2025\/11\/cropped-Yeni_Site_Anasayfa_Gorsel_01.png\" alt=\"\" \/><\/p>\n<div class=\"col-padding-small col-padding-small-xs description-container\" data-type=\"column\">\n<h4 class=\"font-500\">PTR Tank<\/h4>\n<p class=\"\">Lorem ipsum dolor sit amet, consectetur adipiscing elit, sed do eiusmod tempor incididunt ut labore et dolore magna aliqua. Ut enim ad minim veniam, quis nostrud exercitation.<\/p>\n<\/div>\n<div class=\"col-padding-small col-padding-small-xs read-more-container\" data-type=\"column\"><a class=\"read-more\">learn more<\/a><\/div>\n<\/div>\n<\/div>\n<div class=\"col-xs-12 col-sm-6 col-md-4\">\n<div class=\"card no-padding bordered y-move\"><a class=\"\" href=\"https:\/\/patirer.com\" target=\"_self\" data-cp-link=\"1\"><img decoding=\"async\" class=\"face\" title=\"cropped-Yeni_Site_Anasayfa_Gorsel_02.png\" src=\"https:\/\/patirerholding.com\/wp-content\/uploads\/2025\/11\/cropped-Yeni_Site_Anasayfa_Gorsel_02.png\" alt=\"\" \/><\/a><\/p>\n<div class=\"col-padding-small col-padding-small-xs description-container\" data-type=\"column\">\n<h4 class=\"font-500\">Patirer Cosmetic<\/h4>\n<p class=\"\">Patirer was established in 2020 in the Netherlands to trade in the field of Health &amp; Beauty and Cosmetics. With the growth of the company and the expansion of its field of activity, it started its commercial activities in Turkey in 2022 and in the United Kingdom in 2023.<\/p>\n<\/div>\n<div class=\"col-padding-small col-padding-small-xs read-more-container\" data-type=\"column\"><a class=\"read-more\" href=\"https:\/\/patirer.com?page_id=14\" target=\"_self\" data-cp-link=\"1\">learn more<\/a><\/div>\n<\/div>\n<\/div>\n<div class=\"col-xs-12 col-sm-6 col-md-4\">\n<div class=\"card no-padding bordered y-move\"><a class=\"\" href=\"https:\/\/patirertech.com\" target=\"_self\" data-cp-link=\"1\"><img decoding=\"async\" class=\"face\" title=\"cropped-Yeni_Site_Anasayfa_Gorsel_03.png\" src=\"https:\/\/patirerholding.com\/wp-content\/uploads\/2025\/11\/cropped-Yeni_Site_Anasayfa_Gorsel_03.png\" alt=\"\" \/><\/a><\/p>\n<div class=\"col-padding-small col-padding-small-xs description-container\" data-type=\"column\">\n<h4 class=\"font-500\">Patirer Technolog<\/h4>\n<p class=\"\">Patirer Technologies, which has adopted the slogan \u201cMake Life Beautiful\u201d and customer satisfaction as a principle, serves the health,<br \/>\nbeauty and cosmetics sectors with innovative products.<\/p>\n<\/div>\n<div class=\"col-padding-small col-padding-small-xs read-more-container\" data-type=\"column\"><a class=\"read-more\" href=\"https:\/\/patirertech.com\/index.php\/about-us\" target=\"_self\" data-cp-link=\"1\">learn more<\/a><\/div>\n<\/div>\n<\/div>\n<div class=\"col-xs-12 col-sm-6 col-md-4\">\n<div class=\"card no-padding bordered y-move\"><a class=\"\" href=\"https:\/\/www.mindgps.de\" target=\"_self\" data-cp-link=\"1\"><img decoding=\"async\" class=\"face\" title=\"cropped-Yeni_Site_Anasayfa_Gorsel_04.png\" src=\"https:\/\/patirerholding.com\/wp-content\/uploads\/2025\/11\/cropped-Yeni_Site_Anasayfa_Gorsel_04.png\" alt=\"\" \/><\/a><\/p>\n<div class=\"col-padding-small col-padding-small-xs description-container\" data-type=\"column\">\n<h4 class=\"font-500\">Mind GPS<\/h4>\n<p class=\"\">MindGPS leverages artificial intelligence and big data analytics to bring intelligence and efficiency to modern fleet management.<br \/>\nWe help our clients optimize operational costs, enhance safety, and implement sustainable solutions tailored to their needs.<br \/>\nWith MindGPS, businesses gain clearer insights, smarter control, and a more reliable fleet for the future.<\/p>\n<\/div>\n<div class=\"col-padding-small col-padding-small-xs read-more-container\" data-type=\"column\"><a class=\"read-more\" href=\"https:\/\/www.mindgps.de\/hakkimizda\" target=\"_self\" data-cp-link=\"1\">learn more<\/a><\/div>\n<\/div>\n<\/div>\n<div class=\"col-xs-12 col-sm-6 col-md-4\">\n<div class=\"card no-padding bordered y-move\"><a class=\"\" href=\"https:\/\/hedefisdanismanlik.com\" target=\"_self\" data-cp-link=\"1\"><img decoding=\"async\" class=\"face\" title=\"cropped-Yeni_Site_Anasayfa_Gorsel_05.png\" src=\"https:\/\/patirerholding.com\/wp-content\/uploads\/2025\/11\/cropped-Yeni_Site_Anasayfa_Gorsel_05.png\" alt=\"\" \/><\/a><\/p>\n<div class=\"col-padding-small col-padding-small-xs description-container\" data-type=\"column\">\n<h4 class=\"font-500\">Hedef\u00a0Business Consultancy<\/h4>\n<p class=\"\">In late 2022, Tarkan Susuz laid the groundwork for offering international consultancy in German immigration.<\/p>\n<p>Born in Germany and having lived abroad for many years, he founded Balance Global Business Consulting and Foreign Trade Ltd. in early 2023.<\/p>\n<\/div>\n<div class=\"col-padding-small col-padding-small-xs read-more-container\" data-type=\"column\"><a class=\"read-more\" href=\"https:\/\/hedefisdanismanlik.com\/hakkimizda\" target=\"_self\" data-cp-link=\"1\">learn more<\/a><\/div>\n<\/div>\n<\/div>\n<\/div>\n<\/div>\n<\/div>\n<div id=\"content-1\" class=\"content-7-mc content-section content-section-spacing\" style=\"background-color: #f5fafd;\" data-label=\"Content\" data-id=\"content-7-mc\" data-export-id=\"content-7-mc\" data-category=\"content\">\n<div class=\"gridContainer\">\n<div class=\"row middle-sm\">\n<div class=\"col-sm-6 space-bottom-xs\" data-type=\"column\">\n<h2 class=\"\">Our Brands<\/h2>\n<p class=\"\">Most of the brands showcased here are proudly developed and owned by our company, representing our vision for innovative, trustworthy, and value-driven products. Additionally, we have partnered with select companies and welcomed their brands under our umbrella, ensuring that every name we work with meets the same level of excellence we stand for.<\/p>\n<p>Together, these brands form a strong and diverse portfolio, trusted by clients across international markets. Each one embodies our dedication to consistency, integrity, and long-term partnership.<\/p>\n<\/div>\n<div class=\"col-sm-6\" data-type=\"column\"><img decoding=\"async\" class=\"shadow-large\" title=\"uzun_gorsel_logolar04\" src=\"https:\/\/patirerholding.com\/wp-content\/uploads\/2025\/11\/cropped-uzun_gorsel_logolar04-scaled-1.png\" alt=\"\" \/><\/div>\n<\/div>\n<\/div>\n<\/div>\n<div id=\"content-2\" class=\"content-8-mc content-section content-section-spacing\" style=\"background-color: #ffffff;\" data-label=\"Content\" data-id=\"content-8-mc\" data-export-id=\"content-8-mc\" data-category=\"content\">\n<div class=\"gridContainer\">\n<div class=\"row middle-sm\">\n<div class=\"col-sm-6 space-bottom-xs space-top-xs\" data-type=\"column\"><img decoding=\"async\" class=\"shadow-large\" title=\"Carton boxes on computer as online shopping logistics concept\" src=\"https:\/\/patirerholding.com\/wp-content\/uploads\/2025\/11\/cropped-global-online-shopping-transportation-and-fulfillm-2024-09-19-01-51-56-utc.jpg\" alt=\"\" \/><\/div>\n<div class=\"col-sm-6\" data-type=\"column\">\n<h2 class=\"\">Our Fields Of Activity<\/h2>\n<p class=\"\"><b>Foreign Trade Operations<\/b><br \/>\nWith our operations department, we offer services in the fields of import and export, and ensure the perfect completion of the process by undertaking all kinds of foreign trade operation processes. With our 30 years of experience, we develop solutions suitable for the business needs of private sector producers and buyers, especially the companies within the Pat\u0131rer group.<\/p>\n<p><a class=\"button color1\" href=\"https:\/\/patirer.com.tr?page_id=16\" target=\"_self\" data-cp-link=\"1\">READ MORE<\/a><\/p>\n<\/div>\n<\/div>\n<\/div>\n<\/div>\n<div id=\"contact-1\" class=\"contact-1-mc content-section content-section-spacing white-text\" style=\"background-color: #ffffff; background-size: cover; background-position: center top; background-image: url('https:\/\/patirerholding.com\/wp-content\/uploads\/2025\/11\/top-view-of-drawings-on-white-blanks-on-the-left-s-2025-02-10-05-36-59-utc.jpg');\" data-label=\"Contact\" data-id=\"contact-1-mc\" data-export-id=\"contact-1-mc\" data-category=\"contact\" data-parallax-depth=\"20\" data-bullets-visibility=\"true\">\n<div class=\"gridContainer\">\n<div class=\"row text-center\">\n<div class=\"section-title-col\" data-type=\"column\">\n<h5 class=\"\"><b>CONNECT WITH US<\/b><\/h5>\n<h2 class=\"\"><span style=\"color: #ffffff;\"><b>Contact Us<\/b><\/span><\/h2>\n<p class=\"lead\"><span style=\"color: #ffffff;\">1. De\u011firmen Sok. No.9 16050 Osmangazi, Bursa\/TURKEY<\/span><\/p>\n<p><span style=\"color: #ffffff;\">+90 850 377 07 87 \/ info@patirer.com.tr<\/span><\/p>\n<p><img decoding=\"async\" class=\"custom-image\" title=\"Screenshot\" src=\"https:\/\/patirerholding.com\/wp-content\/uploads\/2025\/11\/cropped-patirer_adres_Bursa.jpg\" alt=\"\" \/><\/p>\n<\/div>\n<\/div>\n<div class=\"row text-center\">\n<div class=\"col-xs-12 col-sm-8 col-sm-offset-2 contact-form-wrapper inline-info\"><\/div>\n<\/div>\n<\/div>\n<\/div>\n","protected":false},"excerpt":{"rendered":"<p>About Us Our History As an organisation of Patirer Enterprises, we were established as PATIRER DI\u015e T\u0130CARET A.\u015e. For nearly 30 years, we have exported various products to various parts of the world as \u2018foreign trade\u2019. We are working to contribute to the development of Turkey\u2019s exports by making foreign trade with a wide background, [&hellip;]<\/p>\n","protected":false},"author":1,"featured_media":0,"parent":0,"menu_order":0,"comment_status":"closed","ping_status":"closed","template":"page-templates\/homepage.php","meta":{"footnotes":""},"class_list":["post-47","page","type-page","status-publish","hentry"],"_links":{"self":[{"href":"https:\/\/patirerholding.com\/index.php?rest_route=\/wp\/v2\/pages\/47","targetHints":{"allow":["GET"]}}],"collection":[{"href":"https:\/\/patirerholding.com\/index.php?rest_route=\/wp\/v2\/pages"}],"about":[{"href":"https:\/\/patirerholding.com\/index.php?rest_route=\/wp\/v2\/types\/page"}],"author":[{"embeddable":true,"href":"https:\/\/patirerholding.com\/index.php?rest_route=\/wp\/v2\/users\/1"}],"replies":[{"embeddable":true,"href":"https:\/\/patirerholding.com\/index.php?rest_route=%2Fwp%2Fv2%2Fcomments&post=47"}],"version-history":[{"count":29,"href":"https:\/\/patirerholding.com\/index.php?rest_route=\/wp\/v2\/pages\/47\/revisions"}],"predecessor-version":[{"id":214,"href":"https:\/\/patirerholding.com\/index.php?rest_route=\/wp\/v2\/pages\/47\/revisions\/214"}],"wp:attachment":[{"href":"https:\/\/patirerholding.com\/index.php?rest_route=%2Fwp%2Fv2%2Fmedia&parent=47"}],"curies":[{"name":"wp","href":"https:\/\/api.w.org\/{rel}","templated":true}]}}